{"id":628,"date":"2024-03-27T11:55:37","date_gmt":"2024-03-27T11:55:37","guid":{"rendered":"https:\/\/sitzmoebel-tische.de\/?page_id=628"},"modified":"2024-05-03T09:27:32","modified_gmt":"2024-05-03T09:27:32","slug":"kontakt","status":"publish","type":"page","link":"https:\/\/sitzmoebel-tische.de\/?page_id=628","title":{"rendered":"Kontakt"},"content":{"rendered":"\t\t<div data-elementor-type=\"wp-page\" data-elementor-id=\"628\" class=\"elementor elementor-628\" data-elementor-post-type=\"page\">\n\t\t\t\t<div class=\"elementor-element elementor-element-0c69bfc e-con-full e-flex e-con e-parent\" data-id=\"0c69bfc\" data-element_type=\"container\" data-e-type=\"container\">\n\t\t\t\t<div class=\"elementor-element elementor-element-bd89751 elementor-widget elementor-widget-heading\" data-id=\"bd89751\" data-element_type=\"widget\" data-e-type=\"widget\" data-widget_type=\"heading.default\">\n\t\t\t\t<div class=\"elementor-widget-container\">\n\t\t\t\t\t<h2 class=\"elementor-heading-title elementor-size-default\">Wir freuen uns auf Ihre Anfrage <\/h2>\t\t\t\t<\/div>\n\t\t\t\t<\/div>\n\t\t\t\t<\/div>\n\t\t<div class=\"elementor-element elementor-element-a643f08 e-flex e-con-boxed e-con e-parent\" data-id=\"a643f08\" data-element_type=\"container\" data-e-type=\"container\">\n\t\t\t\t\t<div class=\"e-con-inner\">\n\t\t\t\t<div class=\"elementor-element elementor-element-4f045a6 elementor-button-align-stretch elementor-widget elementor-widget-form\" data-id=\"4f045a6\" data-element_type=\"widget\" data-e-type=\"widget\" data-settings=\"{&quot;step_next_label&quot;:&quot;N\\u00e4chster&quot;,&quot;step_previous_label&quot;:&quot;Voriger&quot;,&quot;button_width&quot;:&quot;100&quot;,&quot;step_type&quot;:&quot;number_text&quot;,&quot;step_icon_shape&quot;:&quot;circle&quot;}\" data-widget_type=\"form.default\">\n\t\t\t\t<div class=\"elementor-widget-container\">\n\t\t\t\t\t\t\t<form class=\"elementor-form\" method=\"post\" name=\"Neues Formular\">\n\t\t\t<input type=\"hidden\" name=\"post_id\" value=\"628\"\/>\n\t\t\t<input type=\"hidden\" name=\"form_id\" value=\"4f045a6\"\/>\n\t\t\t<input type=\"hidden\" name=\"referer_title\" value=\"Kontakt - salzufler sitzmoebel\" \/>\n\n\t\t\t\t\t\t\t<input type=\"hidden\" name=\"queried_id\" value=\"628\"\/>\n\t\t\t\n\t\t\t<div class=\"elementor-form-fields-wrapper elementor-labels-above\">\n\t\t\t\t\t\t\t\t<div class=\"elementor-field-type-text elementor-field-group elementor-column elementor-field-group-name elementor-col-100\">\n\t\t\t\t\t\t\t\t\t\t\t\t<label for=\"form-field-name\" class=\"elementor-field-label\">\n\t\t\t\t\t\t\t\tName\t\t\t\t\t\t\t<\/label>\n\t\t\t\t\t\t\t\t\t\t\t\t\t\t<input size=\"1\" type=\"text\" name=\"form_fields[name]\" id=\"form-field-name\" class=\"elementor-field elementor-size-sm  elementor-field-textual\" placeholder=\"Name\">\n\t\t\t\t\t\t\t\t\t\t\t<\/div>\n\t\t\t\t\t\t\t\t<div class=\"elementor-field-type-email elementor-field-group elementor-column elementor-field-group-email elementor-col-100 elementor-field-required\">\n\t\t\t\t\t\t\t\t\t\t\t\t<label for=\"form-field-email\" class=\"elementor-field-label\">\n\t\t\t\t\t\t\t\tE-Mail\t\t\t\t\t\t\t<\/label>\n\t\t\t\t\t\t\t\t\t\t\t\t\t\t<input size=\"1\" type=\"email\" name=\"form_fields[email]\" id=\"form-field-email\" class=\"elementor-field elementor-size-sm  elementor-field-textual\" placeholder=\"E-Mail\" required=\"required\">\n\t\t\t\t\t\t\t\t\t\t\t<\/div>\n\t\t\t\t\t\t\t\t<div class=\"elementor-field-type-textarea elementor-field-group elementor-column elementor-field-group-message elementor-col-100\">\n\t\t\t\t\t\t\t\t\t\t\t\t<label for=\"form-field-message\" class=\"elementor-field-label\">\n\t\t\t\t\t\t\t\tNachricht\t\t\t\t\t\t\t<\/label>\n\t\t\t\t\t\t<textarea class=\"elementor-field-textual elementor-field  elementor-size-sm\" name=\"form_fields[message]\" id=\"form-field-message\" rows=\"4\" placeholder=\"Nachricht\"><\/textarea>\t\t\t\t<\/div>\n\t\t\t\t\t\t\t\t<div class=\"elementor-field-group elementor-column elementor-field-type-submit elementor-col-100 e-form__buttons\">\n\t\t\t\t\t<button class=\"elementor-button elementor-size-sm\" type=\"submit\">\n\t\t\t\t\t\t<span class=\"elementor-button-content-wrapper\">\n\t\t\t\t\t\t\t\t\t\t\t\t\t\t\t\t\t\t\t\t\t\t<span class=\"elementor-button-text\">Senden<\/span>\n\t\t\t\t\t\t\t\t\t\t\t\t\t<\/span>\n\t\t\t\t\t<\/button>\n\t\t\t\t<\/div>\n\t\t\t<\/div>\n\t\t<\/form>\n\t\t\t\t\t\t<\/div>\n\t\t\t\t<\/div>\n\t\t\t\t\t<\/div>\n\t\t\t\t<\/div>\n\t\t<div class=\"elementor-element elementor-element-282e5d6 e-grid e-con-boxed e-con e-parent\" data-id=\"282e5d6\" data-element_type=\"container\" data-e-type=\"container\">\n\t\t\t\t\t<div class=\"e-con-inner\">\n\t\t\t\t<div class=\"elementor-element elementor-element-2827983 elementor-widget elementor-widget-heading\" data-id=\"2827983\" data-element_type=\"widget\" data-e-type=\"widget\" data-widget_type=\"heading.default\">\n\t\t\t\t<div class=\"elementor-widget-container\">\n\t\t\t\t\t<h2 class=\"elementor-heading-title elementor-size-default\">Anschrift<\/h2>\t\t\t\t<\/div>\n\t\t\t\t<\/div>\n\t\t\t\t<div class=\"elementor-element elementor-element-3c32f0d elementor-widget elementor-widget-heading\" data-id=\"3c32f0d\" data-element_type=\"widget\" data-e-type=\"widget\" data-widget_type=\"heading.default\">\n\t\t\t\t<div class=\"elementor-widget-container\">\n\t\t\t\t\t<h2 class=\"elementor-heading-title elementor-size-default\">Impressum<\/h2>\t\t\t\t<\/div>\n\t\t\t\t<\/div>\n\t\t\t\t\t<\/div>\n\t\t\t\t<\/div>\n\t\t<div class=\"elementor-element elementor-element-68d406b e-grid e-con-full e-con e-parent\" data-id=\"68d406b\" data-element_type=\"container\" data-e-type=\"container\">\n\t\t\t\t<div class=\"elementor-element elementor-element-efb5d89 elementor-widget elementor-widget-google_maps\" data-id=\"efb5d89\" data-element_type=\"widget\" data-e-type=\"widget\" data-widget_type=\"google_maps.default\">\n\t\t\t\t<div class=\"elementor-widget-container\">\n\t\t\t\t\t\t\t<div class=\"elementor-custom-embed\">\n\t\t\t<iframe loading=\"lazy\"\n\t\t\t\t\tsrc=\"https:\/\/maps.google.com\/maps?q=Uferstr.%2032%20Bad%20Salzuflen&#038;t=m&#038;z=10&#038;output=embed&#038;iwloc=near\"\n\t\t\t\t\ttitle=\"Uferstr. 32 Bad Salzuflen\"\n\t\t\t\t\taria-label=\"Uferstr. 32 Bad Salzuflen\"\n\t\t\t><\/iframe>\n\t\t<\/div>\n\t\t\t\t\t\t<\/div>\n\t\t\t\t<\/div>\n\t\t\t\t<div class=\"elementor-element elementor-element-32f5590 elementor-widget elementor-widget-text-editor\" data-id=\"32f5590\" data-element_type=\"widget\" data-e-type=\"widget\" data-widget_type=\"text-editor.default\">\n\t\t\t\t<div class=\"elementor-widget-container\">\n\t\t\t\t\t\t\t\t\t<h5><span class=\"fs16\">salzufler sitzm\u00f6bel<\/span><\/h5><h5><span class=\"fs16\">H\u00f6hrmann + Schmidt GbR<\/span><\/h5><h5><span class=\"fs16\">Uferstra\u00dfe 32<\/span><\/h5><h5><span class=\"fs16\">32108 Bad Salzuflen<\/span><\/h5><h5><span class=\"fs16\">Tel.+495222\/870090 Fax.+495222\/870091<\/span><\/h5><h5><span class=\"fs16\">Email. info@salzufler-sitzmoebel.de<\/span><\/h5>\t\t\t\t\t\t\t\t<\/div>\n\t\t\t\t<\/div>\n\t\t\t\t<div class=\"elementor-element elementor-element-ddfb2f2 elementor-widget elementor-widget-text-editor\" data-id=\"ddfb2f2\" data-element_type=\"widget\" data-e-type=\"widget\" data-widget_type=\"text-editor.default\">\n\t\t\t\t<div class=\"elementor-widget-container\">\n\t\t\t\t\t\t\t\t\t<h5><span class=\"fs16\">Vertretungsberechtigter Gesellschafter \u00a0<\/span><\/h5><h5><span class=\"fs16\">Andreas H\u00f6hrmann \/ Uwe Schmidt<\/span><\/h5><h5><span class=\"fs16\">Finanzamt Detmold<\/span><\/h5><h5><span class=\"fs16\">Ust-IdNr: DE 176224384<\/span><\/h5><h5><span class=\"fs16\">Steuer Nr: 5313\/5161\/0271<\/span><\/h5>\t\t\t\t\t\t\t\t<\/div>\n\t\t\t\t<\/div>\n\t\t\t\t<\/div>\n\t\t\t\t<\/div>\n\t\t","protected":false},"excerpt":{"rendered":"<p>Wir freuen uns auf Ihre Anfrage Anschrift Impressum salzufler sitzm\u00f6bel H\u00f6hrmann + Schmidt GbR Uferstra\u00dfe 32 32108 Bad Salzuflen Tel.+495222\/870090 [&hellip;]<\/p>\n","protected":false},"author":4,"featured_media":0,"parent":0,"menu_order":0,"comment_status":"closed","ping_status":"closed","template":"","meta":{"_uag_custom_page_level_css":"","site-sidebar-layout":"no-sidebar","site-content-layout":"","ast-site-content-layout":"full-width-container","site-content-style":"default","site-sidebar-style":"default","ast-global-header-display":"","ast-banner-title-visibility":"","ast-main-header-display":"","ast-hfb-above-header-display":"","ast-hfb-below-header-display":"","ast-hfb-mobile-header-display":"","site-post-title":"disabled","ast-breadcrumbs-content":"","ast-featured-img":"disabled","footer-sml-layout":"","ast-disable-related-posts":"","theme-transparent-header-meta":"","adv-header-id-meta":"","stick-header-meta":"","header-above-stick-meta":"","header-main-stick-meta":"","header-below-stick-meta":"","astra-migrate-meta-layouts":"default","ast-page-background-enabled":"default","ast-page-background-meta":{"desktop":{"background-color":"var(--ast-global-color-4)","background-image":"","background-repeat":"repeat","background-position":"center center","background-size":"auto","background-attachment":"scroll","background-type":"","background-media":"","overlay-type":"","overlay-color":"","overlay-opacity":"","overlay-gradient":""},"tablet":{"background-color":"","background-image":"","background-repeat":"repeat","background-position":"center center","background-size":"auto","background-attachment":"scroll","background-type":"","background-media":"","overlay-type":"","overlay-color":"","overlay-opacity":"","overlay-gradient":""},"mobile":{"background-color":"","background-image":"","background-repeat":"repeat","background-position":"center center","background-size":"auto","background-attachment":"scroll","background-type":"","background-media":"","overlay-type":"","overlay-color":"","overlay-opacity":"","overlay-gradient":""}},"ast-content-background-meta":{"desktop":{"background-color":"var(--ast-global-color-5)","background-image":"","background-repeat":"repeat","background-position":"center center","background-size":"auto","background-attachment":"scroll","background-type":"","background-media":"","overlay-type":"","overlay-color":"","overlay-opacity":"","overlay-gradient":""},"tablet":{"background-color":"var(--ast-global-color-5)","background-image":"","background-repeat":"repeat","background-position":"center center","background-size":"auto","background-attachment":"scroll","background-type":"","background-media":"","overlay-type":"","overlay-color":"","overlay-opacity":"","overlay-gradient":""},"mobile":{"background-color":"var(--ast-global-color-5)","background-image":"","background-repeat":"repeat","background-position":"center center","background-size":"auto","background-attachment":"scroll","background-type":"","background-media":"","overlay-type":"","overlay-color":"","overlay-opacity":"","overlay-gradient":""}},"footnotes":""},"class_list":["post-628","page","type-page","status-publish","hentry"],"yoast_head":"<!-- This site is optimized with the Yoast SEO plugin v27.3 - https:\/\/yoast.com\/product\/yoast-seo-wordpress\/ -->\n<title>Kontakt - salzufler sitzmoebel<\/title>\n<meta name=\"robots\" content=\"index, follow, max-snippet:-1, max-image-preview:large, max-video-preview:-1\" \/>\n<link rel=\"canonical\" href=\"https:\/\/sitzmoebel-tische.de\/?page_id=628\" \/>\n<meta property=\"og:locale\" content=\"de_DE\" \/>\n<meta property=\"og:type\" content=\"article\" \/>\n<meta property=\"og:title\" content=\"Kontakt - salzufler sitzmoebel\" \/>\n<meta property=\"og:description\" content=\"Wir freuen uns auf Ihre Anfrage Anschrift Impressum salzufler sitzm\u00f6bel H\u00f6hrmann + Schmidt GbR Uferstra\u00dfe 32 32108 Bad Salzuflen Tel.+495222\/870090 [&hellip;]\" \/>\n<meta property=\"og:url\" content=\"https:\/\/sitzmoebel-tische.de\/?page_id=628\" \/>\n<meta property=\"og:site_name\" content=\"salzufler sitzmoebel\" \/>\n<meta property=\"article:modified_time\" content=\"2024-05-03T09:27:32+00:00\" \/>\n<meta name=\"twitter:card\" content=\"summary_large_image\" \/>\n<meta name=\"twitter:label1\" content=\"Gesch\u00e4tzte Lesezeit\" \/>\n\t<meta name=\"twitter:data1\" content=\"1\u00a0Minute\" \/>\n<script type=\"application\/ld+json\" class=\"yoast-schema-graph\">{\"@context\":\"https:\\\/\\\/schema.org\",\"@graph\":[{\"@type\":\"WebPage\",\"@id\":\"https:\\\/\\\/sitzmoebel-tische.de\\\/?page_id=628\",\"url\":\"https:\\\/\\\/sitzmoebel-tische.de\\\/?page_id=628\",\"name\":\"Kontakt - salzufler sitzmoebel\",\"isPartOf\":{\"@id\":\"https:\\\/\\\/sitzmoebel-tische.de\\\/#website\"},\"datePublished\":\"2024-03-27T11:55:37+00:00\",\"dateModified\":\"2024-05-03T09:27:32+00:00\",\"breadcrumb\":{\"@id\":\"https:\\\/\\\/sitzmoebel-tische.de\\\/?page_id=628#breadcrumb\"},\"inLanguage\":\"de\",\"potentialAction\":[{\"@type\":\"ReadAction\",\"target\":[\"https:\\\/\\\/sitzmoebel-tische.de\\\/?page_id=628\"]}]},{\"@type\":\"BreadcrumbList\",\"@id\":\"https:\\\/\\\/sitzmoebel-tische.de\\\/?page_id=628#breadcrumb\",\"itemListElement\":[{\"@type\":\"ListItem\",\"position\":1,\"name\":\"Startseite\",\"item\":\"https:\\\/\\\/sitzmoebel-tische.de\\\/\"},{\"@type\":\"ListItem\",\"position\":2,\"name\":\"Kontakt\"}]},{\"@type\":\"WebSite\",\"@id\":\"https:\\\/\\\/sitzmoebel-tische.de\\\/#website\",\"url\":\"https:\\\/\\\/sitzmoebel-tische.de\\\/\",\"name\":\"sitzmoebel-tische.de\",\"description\":\"salzufler-sitzmoebel.de\",\"publisher\":{\"@id\":\"https:\\\/\\\/sitzmoebel-tische.de\\\/#organization\"},\"potentialAction\":[{\"@type\":\"SearchAction\",\"target\":{\"@type\":\"EntryPoint\",\"urlTemplate\":\"https:\\\/\\\/sitzmoebel-tische.de\\\/?s={search_term_string}\"},\"query-input\":{\"@type\":\"PropertyValueSpecification\",\"valueRequired\":true,\"valueName\":\"search_term_string\"}}],\"inLanguage\":\"de\"},{\"@type\":\"Organization\",\"@id\":\"https:\\\/\\\/sitzmoebel-tische.de\\\/#organization\",\"name\":\"salzufler sitzm\u00f6bel\",\"url\":\"https:\\\/\\\/sitzmoebel-tische.de\\\/\",\"logo\":{\"@type\":\"ImageObject\",\"inLanguage\":\"de\",\"@id\":\"https:\\\/\\\/sitzmoebel-tische.de\\\/#\\\/schema\\\/logo\\\/image\\\/\",\"url\":\"https:\\\/\\\/sitzmoebel-tische.de\\\/wp-content\\\/uploads\\\/2024\\\/03\\\/Logo-Stuhl2-2.png\",\"contentUrl\":\"https:\\\/\\\/sitzmoebel-tische.de\\\/wp-content\\\/uploads\\\/2024\\\/03\\\/Logo-Stuhl2-2.png\",\"width\":294,\"height\":399,\"caption\":\"salzufler sitzm\u00f6bel\"},\"image\":{\"@id\":\"https:\\\/\\\/sitzmoebel-tische.de\\\/#\\\/schema\\\/logo\\\/image\\\/\"}}]}<\/script>\n<!-- \/ Yoast SEO plugin. -->","yoast_head_json":{"title":"Kontakt - salzufler sitzmoebel","robots":{"index":"index","follow":"follow","max-snippet":"max-snippet:-1","max-image-preview":"max-image-preview:large","max-video-preview":"max-video-preview:-1"},"canonical":"https:\/\/sitzmoebel-tische.de\/?page_id=628","og_locale":"de_DE","og_type":"article","og_title":"Kontakt - salzufler sitzmoebel","og_description":"Wir freuen uns auf Ihre Anfrage Anschrift Impressum salzufler sitzm\u00f6bel H\u00f6hrmann + Schmidt GbR Uferstra\u00dfe 32 32108 Bad Salzuflen Tel.+495222\/870090 [&hellip;]","og_url":"https:\/\/sitzmoebel-tische.de\/?page_id=628","og_site_name":"salzufler sitzmoebel","article_modified_time":"2024-05-03T09:27:32+00:00","twitter_card":"summary_large_image","twitter_misc":{"Gesch\u00e4tzte Lesezeit":"1\u00a0Minute"},"schema":{"@context":"https:\/\/schema.org","@graph":[{"@type":"WebPage","@id":"https:\/\/sitzmoebel-tische.de\/?page_id=628","url":"https:\/\/sitzmoebel-tische.de\/?page_id=628","name":"Kontakt - salzufler sitzmoebel","isPartOf":{"@id":"https:\/\/sitzmoebel-tische.de\/#website"},"datePublished":"2024-03-27T11:55:37+00:00","dateModified":"2024-05-03T09:27:32+00:00","breadcrumb":{"@id":"https:\/\/sitzmoebel-tische.de\/?page_id=628#breadcrumb"},"inLanguage":"de","potentialAction":[{"@type":"ReadAction","target":["https:\/\/sitzmoebel-tische.de\/?page_id=628"]}]},{"@type":"BreadcrumbList","@id":"https:\/\/sitzmoebel-tische.de\/?page_id=628#breadcrumb","itemListElement":[{"@type":"ListItem","position":1,"name":"Startseite","item":"https:\/\/sitzmoebel-tische.de\/"},{"@type":"ListItem","position":2,"name":"Kontakt"}]},{"@type":"WebSite","@id":"https:\/\/sitzmoebel-tische.de\/#website","url":"https:\/\/sitzmoebel-tische.de\/","name":"sitzmoebel-tische.de","description":"salzufler-sitzmoebel.de","publisher":{"@id":"https:\/\/sitzmoebel-tische.de\/#organization"},"potentialAction":[{"@type":"SearchAction","target":{"@type":"EntryPoint","urlTemplate":"https:\/\/sitzmoebel-tische.de\/?s={search_term_string}"},"query-input":{"@type":"PropertyValueSpecification","valueRequired":true,"valueName":"search_term_string"}}],"inLanguage":"de"},{"@type":"Organization","@id":"https:\/\/sitzmoebel-tische.de\/#organization","name":"salzufler sitzm\u00f6bel","url":"https:\/\/sitzmoebel-tische.de\/","logo":{"@type":"ImageObject","inLanguage":"de","@id":"https:\/\/sitzmoebel-tische.de\/#\/schema\/logo\/image\/","url":"https:\/\/sitzmoebel-tische.de\/wp-content\/uploads\/2024\/03\/Logo-Stuhl2-2.png","contentUrl":"https:\/\/sitzmoebel-tische.de\/wp-content\/uploads\/2024\/03\/Logo-Stuhl2-2.png","width":294,"height":399,"caption":"salzufler sitzm\u00f6bel"},"image":{"@id":"https:\/\/sitzmoebel-tische.de\/#\/schema\/logo\/image\/"}}]}},"uagb_featured_image_src":{"full":false,"thumbnail":false,"medium":false,"medium_large":false,"large":false,"1536x1536":false,"2048x2048":false},"uagb_author_info":{"display_name":"salzufler sitzmoebel","author_link":"https:\/\/sitzmoebel-tische.de\/?author=4"},"uagb_comment_info":0,"uagb_excerpt":"Wir freuen uns auf Ihre Anfrage Anschrift Impressum salzufler sitzm\u00f6bel H\u00f6hrmann + Schmidt GbR Uferstra\u00dfe 32 32108 Bad Salzuflen Tel.+495222\/870090 [&hellip;]","_links":{"self":[{"href":"https:\/\/sitzmoebel-tische.de\/index.php?rest_route=\/wp\/v2\/pages\/628","targetHints":{"allow":["GET"]}}],"collection":[{"href":"https:\/\/sitzmoebel-tische.de\/index.php?rest_route=\/wp\/v2\/pages"}],"about":[{"href":"https:\/\/sitzmoebel-tische.de\/index.php?rest_route=\/wp\/v2\/types\/page"}],"author":[{"embeddable":true,"href":"https:\/\/sitzmoebel-tische.de\/index.php?rest_route=\/wp\/v2\/users\/4"}],"replies":[{"embeddable":true,"href":"https:\/\/sitzmoebel-tische.de\/index.php?rest_route=%2Fwp%2Fv2%2Fcomments&post=628"}],"version-history":[{"count":19,"href":"https:\/\/sitzmoebel-tische.de\/index.php?rest_route=\/wp\/v2\/pages\/628\/revisions"}],"predecessor-version":[{"id":1977,"href":"https:\/\/sitzmoebel-tische.de\/index.php?rest_route=\/wp\/v2\/pages\/628\/revisions\/1977"}],"wp:attachment":[{"href":"https:\/\/sitzmoebel-tische.de\/index.php?rest_route=%2Fwp%2Fv2%2Fmedia&parent=628"}],"curies":[{"name":"wp","href":"https:\/\/api.w.org\/{rel}","templated":true}]}}