{"id":1726,"date":"2024-04-02T13:51:00","date_gmt":"2024-04-02T13:51:00","guid":{"rendered":"https:\/\/sitzmoebel-tische.de\/?page_id=1726"},"modified":"2024-04-23T06:38:30","modified_gmt":"2024-04-23T06:38:30","slug":"details-zubehoer","status":"publish","type":"page","link":"https:\/\/sitzmoebel-tische.de\/?page_id=1726","title":{"rendered":"Details + Zubeh\u00f6r"},"content":{"rendered":"\t\t<div data-elementor-type=\"wp-page\" data-elementor-id=\"1726\" class=\"elementor elementor-1726\" data-elementor-post-type=\"page\">\n\t\t\t\t<div class=\"elementor-element elementor-element-24f582e e-flex e-con-boxed e-con e-parent\" data-id=\"24f582e\" data-element_type=\"container\" data-e-type=\"container\">\n\t\t\t\t\t<div class=\"e-con-inner\">\n\t\t\t\t<div class=\"elementor-element elementor-element-caaf505 elementor-widget elementor-widget-heading\" data-id=\"caaf505\" data-element_type=\"widget\" data-e-type=\"widget\" data-widget_type=\"heading.default\">\n\t\t\t\t<div class=\"elementor-widget-container\">\n\t\t\t\t\t<h2 class=\"elementor-heading-title elementor-size-default\">Details und Zubeh\u00f6r<\/h2>\t\t\t\t<\/div>\n\t\t\t\t<\/div>\n\t\t<div class=\"elementor-element elementor-element-240d6b8 e-con-full e-flex e-con e-child\" data-id=\"240d6b8\" data-element_type=\"container\" data-e-type=\"container\">\n\t\t\t\t<div class=\"elementor-element elementor-element-9b9a206 elementor-widget elementor-widget-heading\" data-id=\"9b9a206\" data-element_type=\"widget\" data-e-type=\"widget\" data-widget_type=\"heading.default\">\n\t\t\t\t<div class=\"elementor-widget-container\">\n\t\t\t\t\t<h2 class=\"elementor-heading-title elementor-size-default\">Wir bieten Ihnen individuell Zubeh\u00f6r f\u00fcr Ihre Sitzm\u00f6bel und Tische an.In Mehrzweckr\u00e4umen der zu verschiedenen Anl\u00e4ssen umgestaltet wird empfiehlt es sich f\u00fcr St\u00fchle und Tische Transportkarren oder Transportwagen einzusetzen. Der Raum ist so in k\u00fcrzeseter Zeit umgestaltet und die M\u00f6bel k\u00f6nnen an anderer Stelle zwischengelagert werden. Ach f\u00fcr das Koppeln von Sitzm\u00f6bel bieten wir unterschiedliche M\u00f6glichkeiten an. Und wenn Sie gerne vor Bewohnerzimmer ein Nahmenschild instalieren m\u00f6chten, k\u00f6nnen wir Ihnen dieses auch individuell fertigen.  <br> <br>Wir beraten Sie gerne. <br>Das ist unser Service <\/h2>\t\t\t\t<\/div>\n\t\t\t\t<\/div>\n\t\t\t\t<\/div>\n\t\t\t\t\t<\/div>\n\t\t\t\t<\/div>\n\t\t<div class=\"elementor-element elementor-element-d78070e e-grid e-con-full e-con e-parent\" data-id=\"d78070e\" data-element_type=\"container\" data-e-type=\"container\">\n\t\t\t\t<div class=\"elementor-element elementor-element-b64f0f7 elementor-widget elementor-widget-text-editor\" data-id=\"b64f0f7\" data-element_type=\"widget\" data-e-type=\"widget\" data-widget_type=\"text-editor.default\">\n\t\t\t\t<div class=\"elementor-widget-container\">\n\t\t\t\t\t\t\t\t\t<h2 style=\"text-align: left;\">Transportger\u00e4te\u00a0<\/h2><h5>Einfach praktisch, Klapptische auf den Transportwagen der auf Ihre Tischgr\u00f6\u00dfen angefertigt ist, abzulegen oder Bestuhlung zu Stapeln und an anderer Stelle zuwischen zu Lagern.\u00a0<\/h5>\t\t\t\t\t\t\t\t<\/div>\n\t\t\t\t<\/div>\n\t\t\t\t<div class=\"elementor-element elementor-element-2117f6b elementor-widget elementor-widget-image\" data-id=\"2117f6b\" data-element_type=\"widget\" data-e-type=\"widget\" data-widget_type=\"image.default\">\n\t\t\t\t<div class=\"elementor-widget-container\">\n\t\t\t\t\t\t\t\t\t\t\t\t<figure class=\"wp-caption\">\n\t\t\t\t\t\t\t\t\t\t<img fetchpriority=\"high\" decoding=\"async\" width=\"1024\" height=\"880\" src=\"https:\/\/sitzmoebel-tische.de\/wp-content\/uploads\/2024\/04\/Transportwagen-fuer-Klapptische-1024x880.webp\" class=\"attachment-large size-large wp-image-1810\" alt=\"\" srcset=\"https:\/\/sitzmoebel-tische.de\/wp-content\/uploads\/2024\/04\/Transportwagen-fuer-Klapptische-1024x880.webp 1024w, https:\/\/sitzmoebel-tische.de\/wp-content\/uploads\/2024\/04\/Transportwagen-fuer-Klapptische-300x258.webp 300w, https:\/\/sitzmoebel-tische.de\/wp-content\/uploads\/2024\/04\/Transportwagen-fuer-Klapptische-768x660.webp 768w, https:\/\/sitzmoebel-tische.de\/wp-content\/uploads\/2024\/04\/Transportwagen-fuer-Klapptische-1536x1319.webp 1536w, https:\/\/sitzmoebel-tische.de\/wp-content\/uploads\/2024\/04\/Transportwagen-fuer-Klapptische.webp 1816w\" sizes=\"(max-width: 1024px) 100vw, 1024px\" \/>\t\t\t\t\t\t\t\t\t\t\t<figcaption class=\"widget-image-caption wp-caption-text\">Transportwagen f\u00fcr Klapptische mit Schiebeb\u00fcgel und gro\u00dfen Lenkrollen<\/figcaption>\n\t\t\t\t\t\t\t\t\t\t<\/figure>\n\t\t\t\t\t\t\t\t\t<\/div>\n\t\t\t\t<\/div>\n\t\t\t\t<div class=\"elementor-element elementor-element-75cc2af elementor-widget elementor-widget-image\" data-id=\"75cc2af\" data-element_type=\"widget\" data-e-type=\"widget\" data-widget_type=\"image.default\">\n\t\t\t\t<div class=\"elementor-widget-container\">\n\t\t\t\t\t\t\t\t\t\t\t\t<figure class=\"wp-caption\">\n\t\t\t\t\t\t\t\t\t\t<img decoding=\"async\" width=\"729\" height=\"1024\" src=\"https:\/\/sitzmoebel-tische.de\/wp-content\/uploads\/2024\/04\/Transportkarre-Stuehle-729x1024.webp\" class=\"attachment-large size-large wp-image-1814\" alt=\"\" srcset=\"https:\/\/sitzmoebel-tische.de\/wp-content\/uploads\/2024\/04\/Transportkarre-Stuehle-729x1024.webp 729w, https:\/\/sitzmoebel-tische.de\/wp-content\/uploads\/2024\/04\/Transportkarre-Stuehle-214x300.webp 214w, https:\/\/sitzmoebel-tische.de\/wp-content\/uploads\/2024\/04\/Transportkarre-Stuehle-768x1079.webp 768w, https:\/\/sitzmoebel-tische.de\/wp-content\/uploads\/2024\/04\/Transportkarre-Stuehle-1093x1536.webp 1093w, https:\/\/sitzmoebel-tische.de\/wp-content\/uploads\/2024\/04\/Transportkarre-Stuehle.webp 1367w\" sizes=\"(max-width: 729px) 100vw, 729px\" \/>\t\t\t\t\t\t\t\t\t\t\t<figcaption class=\"widget-image-caption wp-caption-text\">Transportkarre f\u00fcr St\u00fchle mit Tragearme. Sie fahren einfach von hinten drunter ohne die St\u00fchle anheben zu m\u00fcssen. Kippen die Karre nach hinten ab und los geht es.<\/figcaption>\n\t\t\t\t\t\t\t\t\t\t<\/figure>\n\t\t\t\t\t\t\t\t\t<\/div>\n\t\t\t\t<\/div>\n\t\t\t\t<div class=\"elementor-element elementor-element-488c2b7 elementor-widget elementor-widget-text-editor\" data-id=\"488c2b7\" data-element_type=\"widget\" data-e-type=\"widget\" data-widget_type=\"text-editor.default\">\n\t\t\t\t<div class=\"elementor-widget-container\">\n\t\t\t\t\t\t\t\t\t<h2 style=\"text-align: left;\">Kopplungen<\/h2><h5 style=\"text-align: left;\">F\u00fcr unsere Sitzm\u00f6bel bieten wir verschiedene Kopplungen &#8211; Reihenverbinder an. Die Beckerkopplung und Stahlb\u00fcgelkopplungen je nach Bauweise des Modell.Wir k\u00f6nnen Ihnen bei einigen Modellen auch ein Kopplungsbrett anbieten. Mit einem Kopplungsbrett haben Sie die M\u00f6glichkeit dieses wir einen kleinen Tisch zur Ablage von Schreibware oder B\u00fccher zu nutzen. Sehr praktisch wenn die Utensilien gleich neben einen liegen.\u00a0<\/h5>\t\t\t\t\t\t\t\t<\/div>\n\t\t\t\t<\/div>\n\t\t\t\t<div class=\"elementor-element elementor-element-8da5292 elementor-widget elementor-widget-image\" data-id=\"8da5292\" data-element_type=\"widget\" data-e-type=\"widget\" data-widget_type=\"image.default\">\n\t\t\t\t<div class=\"elementor-widget-container\">\n\t\t\t\t\t\t\t\t\t\t\t\t<figure class=\"wp-caption\">\n\t\t\t\t\t\t\t\t\t\t<img decoding=\"async\" width=\"1796\" height=\"1636\" src=\"https:\/\/sitzmoebel-tische.de\/wp-content\/uploads\/2024\/04\/Beckerkopplung.webp\" class=\"attachment-full size-full wp-image-1818\" alt=\"\" srcset=\"https:\/\/sitzmoebel-tische.de\/wp-content\/uploads\/2024\/04\/Beckerkopplung.webp 1796w, https:\/\/sitzmoebel-tische.de\/wp-content\/uploads\/2024\/04\/Beckerkopplung-300x273.webp 300w, https:\/\/sitzmoebel-tische.de\/wp-content\/uploads\/2024\/04\/Beckerkopplung-1024x933.webp 1024w, https:\/\/sitzmoebel-tische.de\/wp-content\/uploads\/2024\/04\/Beckerkopplung-768x700.webp 768w, https:\/\/sitzmoebel-tische.de\/wp-content\/uploads\/2024\/04\/Beckerkopplung-1536x1399.webp 1536w\" sizes=\"(max-width: 1796px) 100vw, 1796px\" \/>\t\t\t\t\t\t\t\t\t\t\t<figcaption class=\"widget-image-caption wp-caption-text\">Becker Kopplung beim Modell Hawaii<\/figcaption>\n\t\t\t\t\t\t\t\t\t\t<\/figure>\n\t\t\t\t\t\t\t\t\t<\/div>\n\t\t\t\t<\/div>\n\t\t\t\t<div class=\"elementor-element elementor-element-0f60cdf elementor-widget elementor-widget-image\" data-id=\"0f60cdf\" data-element_type=\"widget\" data-e-type=\"widget\" data-widget_type=\"image.default\">\n\t\t\t\t<div class=\"elementor-widget-container\">\n\t\t\t\t\t\t\t\t\t\t\t\t<figure class=\"wp-caption\">\n\t\t\t\t\t\t\t\t\t\t<img loading=\"lazy\" decoding=\"async\" width=\"737\" height=\"553\" src=\"https:\/\/sitzmoebel-tische.de\/wp-content\/uploads\/2024\/04\/Kopplungsbrett-Schluessellochbeschlag.webp\" class=\"attachment-large size-large wp-image-1822\" alt=\"\" srcset=\"https:\/\/sitzmoebel-tische.de\/wp-content\/uploads\/2024\/04\/Kopplungsbrett-Schluessellochbeschlag.webp 737w, https:\/\/sitzmoebel-tische.de\/wp-content\/uploads\/2024\/04\/Kopplungsbrett-Schluessellochbeschlag-300x225.webp 300w\" sizes=\"(max-width: 737px) 100vw, 737px\" \/>\t\t\t\t\t\t\t\t\t\t\t<figcaption class=\"widget-image-caption wp-caption-text\">Beispiel Kopplungsbrett mit Schl\u00fcsselloch-Kopplungsbeschlag. Auch mit Beckerkopplung m\u00f6glich.<\/figcaption>\n\t\t\t\t\t\t\t\t\t\t<\/figure>\n\t\t\t\t\t\t\t\t\t<\/div>\n\t\t\t\t<\/div>\n\t\t\t\t<\/div>\n\t\t<div class=\"elementor-element elementor-element-6c13137 e-grid e-con-full e-con e-parent\" data-id=\"6c13137\" data-element_type=\"container\" data-e-type=\"container\">\n\t\t\t\t<div class=\"elementor-element elementor-element-8263688 elementor-widget elementor-widget-image\" data-id=\"8263688\" data-element_type=\"widget\" data-e-type=\"widget\" data-widget_type=\"image.default\">\n\t\t\t\t<div class=\"elementor-widget-container\">\n\t\t\t\t\t\t\t\t\t\t\t\t<figure class=\"wp-caption\">\n\t\t\t\t\t\t\t\t\t\t<img loading=\"lazy\" decoding=\"async\" width=\"1024\" height=\"717\" src=\"https:\/\/sitzmoebel-tische.de\/wp-content\/uploads\/2024\/04\/Stapelschoner-Tennessee-1024x717.webp\" class=\"attachment-large size-large wp-image-1834\" alt=\"\" srcset=\"https:\/\/sitzmoebel-tische.de\/wp-content\/uploads\/2024\/04\/Stapelschoner-Tennessee-1024x717.webp 1024w, https:\/\/sitzmoebel-tische.de\/wp-content\/uploads\/2024\/04\/Stapelschoner-Tennessee-300x210.webp 300w, https:\/\/sitzmoebel-tische.de\/wp-content\/uploads\/2024\/04\/Stapelschoner-Tennessee-768x537.webp 768w, https:\/\/sitzmoebel-tische.de\/wp-content\/uploads\/2024\/04\/Stapelschoner-Tennessee.webp 1076w\" sizes=\"(max-width: 1024px) 100vw, 1024px\" \/>\t\t\t\t\t\t\t\t\t\t\t<figcaption class=\"widget-image-caption wp-caption-text\">Stapelschoner-Sitz mit B\u00fcgelkopplung zum Reinschieben f\u00fcr Modell Tennessee. Abb. mit zus\u00e4tzlichen Filzpunkten zur  Schonung des Stoff-Bezug z.B. Kunstleder.<\/figcaption>\n\t\t\t\t\t\t\t\t\t\t<\/figure>\n\t\t\t\t\t\t\t\t\t<\/div>\n\t\t\t\t<\/div>\n\t\t\t\t<div class=\"elementor-element elementor-element-78822ad elementor-widget elementor-widget-text-editor\" data-id=\"78822ad\" data-element_type=\"widget\" data-e-type=\"widget\" data-widget_type=\"text-editor.default\">\n\t\t\t\t<div class=\"elementor-widget-container\">\n\t\t\t\t\t\t\t\t\t<h5>Ob Sie Rollen nur Hinten oder Vorne und Hinten ben\u00f6tigen ist vom Verwendungszweck abh\u00e4ngig. Bewohner haben so die M\u00f6glichkeit sich Ihren Relax mit zum Nachbarn mitzunehmen.\u00a0<\/h5><h5>\u00a0<\/h5><h5>Hocker bieten wir auch zum Relax genauso auch an, wie f\u00fcr unsere anderen Stuhlmodelle. Immer passend zum Modell.<\/h5><h5>\u00a0<\/h5><h5>Ohrenbacken sind auch oft erw\u00fcnsch. Wenn eingenickert wird, hat der Kopf an der Seite seinen Halt und es kommt zu keinen Verspannungen.\u00a0<\/h5>\t\t\t\t\t\t\t\t<\/div>\n\t\t\t\t<\/div>\n\t\t\t\t<div class=\"elementor-element elementor-element-6df4759 elementor-widget elementor-widget-image\" data-id=\"6df4759\" data-element_type=\"widget\" data-e-type=\"widget\" data-widget_type=\"image.default\">\n\t\t\t\t<div class=\"elementor-widget-container\">\n\t\t\t\t\t\t\t\t\t\t\t\t<figure class=\"wp-caption\">\n\t\t\t\t\t\t\t\t\t\t<img loading=\"lazy\" decoding=\"async\" width=\"854\" height=\"1024\" src=\"https:\/\/sitzmoebel-tische.de\/wp-content\/uploads\/2024\/04\/Detail-Rolle-854x1024.webp\" class=\"attachment-large size-large wp-image-1830\" alt=\"\" srcset=\"https:\/\/sitzmoebel-tische.de\/wp-content\/uploads\/2024\/04\/Detail-Rolle-854x1024.webp 854w, https:\/\/sitzmoebel-tische.de\/wp-content\/uploads\/2024\/04\/Detail-Rolle-250x300.webp 250w, https:\/\/sitzmoebel-tische.de\/wp-content\/uploads\/2024\/04\/Detail-Rolle-768x921.webp 768w, https:\/\/sitzmoebel-tische.de\/wp-content\/uploads\/2024\/04\/Detail-Rolle-1280x1536.webp 1280w, https:\/\/sitzmoebel-tische.de\/wp-content\/uploads\/2024\/04\/Detail-Rolle-1707x2048.webp 1600w, https:\/\/sitzmoebel-tische.de\/wp-content\/uploads\/2024\/04\/Detail-Rolle.webp 1601w\" sizes=\"(max-width: 854px) 100vw, 854px\" \/>\t\t\t\t\t\t\t\t\t\t\t<figcaption class=\"widget-image-caption wp-caption-text\">Detail Rollen in den Vorderf\u00fc\u00dfen Modell Florida AL<\/figcaption>\n\t\t\t\t\t\t\t\t\t\t<\/figure>\n\t\t\t\t\t\t\t\t\t<\/div>\n\t\t\t\t<\/div>\n\t\t\t\t<\/div>\n\t\t\t\t<\/div>\n\t\t","protected":false},"excerpt":{"rendered":"<p>Details und Zubeh\u00f6r Wir bieten Ihnen individuell Zubeh\u00f6r f\u00fcr Ihre Sitzm\u00f6bel und Tische an.In Mehrzweckr\u00e4umen der zu verschiedenen Anl\u00e4ssen umgestaltet [&hellip;]<\/p>\n","protected":false},"author":4,"featured_media":0,"parent":0,"menu_order":0,"comment_status":"closed","ping_status":"closed","template":"","meta":{"_uag_custom_page_level_css":"","site-sidebar-layout":"no-sidebar","site-content-layout":"","ast-site-content-layout":"full-width-container","site-content-style":"default","site-sidebar-style":"default","ast-global-header-display":"","ast-banner-title-visibility":"","ast-main-header-display":"","ast-hfb-above-header-display":"","ast-hfb-below-header-display":"","ast-hfb-mobile-header-display":"","site-post-title":"disabled","ast-breadcrumbs-content":"","ast-featured-img":"disabled","footer-sml-layout":"","ast-disable-related-posts":"","theme-transparent-header-meta":"","adv-header-id-meta":"","stick-header-meta":"","header-above-stick-meta":"","header-main-stick-meta":"","header-below-stick-meta":"","astra-migrate-meta-layouts":"default","ast-page-background-enabled":"default","ast-page-background-meta":{"desktop":{"background-color":"var(--ast-global-color-4)","background-image":"","background-repeat":"repeat","background-position":"center center","background-size":"auto","background-attachment":"scroll","background-type":"","background-media":"","overlay-type":"","overlay-color":"","overlay-opacity":"","overlay-gradient":""},"tablet":{"background-color":"","background-image":"","background-repeat":"repeat","background-position":"center center","background-size":"auto","background-attachment":"scroll","background-type":"","background-media":"","overlay-type":"","overlay-color":"","overlay-opacity":"","overlay-gradient":""},"mobile":{"background-color":"","background-image":"","background-repeat":"repeat","background-position":"center center","background-size":"auto","background-attachment":"scroll","background-type":"","background-media":"","overlay-type":"","overlay-color":"","overlay-opacity":"","overlay-gradient":""}},"ast-content-background-meta":{"desktop":{"background-color":"var(--ast-global-color-5)","background-image":"","background-repeat":"repeat","background-position":"center center","background-size":"auto","background-attachment":"scroll","background-type":"","background-media":"","overlay-type":"","overlay-color":"","overlay-opacity":"","overlay-gradient":""},"tablet":{"background-color":"var(--ast-global-color-5)","background-image":"","background-repeat":"repeat","background-position":"center center","background-size":"auto","background-attachment":"scroll","background-type":"","background-media":"","overlay-type":"","overlay-color":"","overlay-opacity":"","overlay-gradient":""},"mobile":{"background-color":"var(--ast-global-color-5)","background-image":"","background-repeat":"repeat","background-position":"center center","background-size":"auto","background-attachment":"scroll","background-type":"","background-media":"","overlay-type":"","overlay-color":"","overlay-opacity":"","overlay-gradient":""}},"footnotes":""},"class_list":["post-1726","page","type-page","status-publish","hentry"],"yoast_head":"<!-- This site is optimized with the Yoast SEO plugin v27.3 - https:\/\/yoast.com\/product\/yoast-seo-wordpress\/ -->\n<title>Details + Zubeh\u00f6r - salzufler sitzmoebel<\/title>\n<meta name=\"robots\" content=\"index, follow, max-snippet:-1, max-image-preview:large, max-video-preview:-1\" \/>\n<link rel=\"canonical\" href=\"https:\/\/sitzmoebel-tische.de\/?page_id=1726\" \/>\n<meta property=\"og:locale\" content=\"de_DE\" \/>\n<meta property=\"og:type\" content=\"article\" \/>\n<meta property=\"og:title\" content=\"Details + Zubeh\u00f6r - salzufler sitzmoebel\" \/>\n<meta property=\"og:description\" content=\"Details und Zubeh\u00f6r Wir bieten Ihnen individuell Zubeh\u00f6r f\u00fcr Ihre Sitzm\u00f6bel und Tische an.In Mehrzweckr\u00e4umen der zu verschiedenen Anl\u00e4ssen umgestaltet [&hellip;]\" \/>\n<meta property=\"og:url\" content=\"https:\/\/sitzmoebel-tische.de\/?page_id=1726\" \/>\n<meta property=\"og:site_name\" content=\"salzufler sitzmoebel\" \/>\n<meta property=\"article:modified_time\" content=\"2024-04-23T06:38:30+00:00\" \/>\n<meta property=\"og:image\" content=\"http:\/\/sitzmoebel-tische.de\/wp-content\/uploads\/2024\/04\/Transportwagen-fuer-Klapptische-1024x880.png\" \/>\n<meta name=\"twitter:card\" content=\"summary_large_image\" \/>\n<meta name=\"twitter:label1\" content=\"Gesch\u00e4tzte Lesezeit\" \/>\n\t<meta name=\"twitter:data1\" content=\"3\u00a0Minuten\" \/>\n<script type=\"application\/ld+json\" class=\"yoast-schema-graph\">{\"@context\":\"https:\\\/\\\/schema.org\",\"@graph\":[{\"@type\":\"WebPage\",\"@id\":\"https:\\\/\\\/sitzmoebel-tische.de\\\/?page_id=1726\",\"url\":\"https:\\\/\\\/sitzmoebel-tische.de\\\/?page_id=1726\",\"name\":\"Details + Zubeh\u00f6r - salzufler sitzmoebel\",\"isPartOf\":{\"@id\":\"https:\\\/\\\/sitzmoebel-tische.de\\\/#website\"},\"primaryImageOfPage\":{\"@id\":\"https:\\\/\\\/sitzmoebel-tische.de\\\/?page_id=1726#primaryimage\"},\"image\":{\"@id\":\"https:\\\/\\\/sitzmoebel-tische.de\\\/?page_id=1726#primaryimage\"},\"thumbnailUrl\":\"http:\\\/\\\/sitzmoebel-tische.de\\\/wp-content\\\/uploads\\\/2024\\\/04\\\/Transportwagen-fuer-Klapptische-1024x880.png\",\"datePublished\":\"2024-04-02T13:51:00+00:00\",\"dateModified\":\"2024-04-23T06:38:30+00:00\",\"breadcrumb\":{\"@id\":\"https:\\\/\\\/sitzmoebel-tische.de\\\/?page_id=1726#breadcrumb\"},\"inLanguage\":\"de\",\"potentialAction\":[{\"@type\":\"ReadAction\",\"target\":[\"https:\\\/\\\/sitzmoebel-tische.de\\\/?page_id=1726\"]}]},{\"@type\":\"ImageObject\",\"inLanguage\":\"de\",\"@id\":\"https:\\\/\\\/sitzmoebel-tische.de\\\/?page_id=1726#primaryimage\",\"url\":\"https:\\\/\\\/sitzmoebel-tische.de\\\/wp-content\\\/uploads\\\/2024\\\/04\\\/Transportwagen-fuer-Klapptische.webp\",\"contentUrl\":\"https:\\\/\\\/sitzmoebel-tische.de\\\/wp-content\\\/uploads\\\/2024\\\/04\\\/Transportwagen-fuer-Klapptische.webp\",\"width\":1816,\"height\":1560},{\"@type\":\"BreadcrumbList\",\"@id\":\"https:\\\/\\\/sitzmoebel-tische.de\\\/?page_id=1726#breadcrumb\",\"itemListElement\":[{\"@type\":\"ListItem\",\"position\":1,\"name\":\"Startseite\",\"item\":\"https:\\\/\\\/sitzmoebel-tische.de\\\/\"},{\"@type\":\"ListItem\",\"position\":2,\"name\":\"Details + Zubeh\u00f6r\"}]},{\"@type\":\"WebSite\",\"@id\":\"https:\\\/\\\/sitzmoebel-tische.de\\\/#website\",\"url\":\"https:\\\/\\\/sitzmoebel-tische.de\\\/\",\"name\":\"sitzmoebel-tische.de\",\"description\":\"salzufler-sitzmoebel.de\",\"publisher\":{\"@id\":\"https:\\\/\\\/sitzmoebel-tische.de\\\/#organization\"},\"potentialAction\":[{\"@type\":\"SearchAction\",\"target\":{\"@type\":\"EntryPoint\",\"urlTemplate\":\"https:\\\/\\\/sitzmoebel-tische.de\\\/?s={search_term_string}\"},\"query-input\":{\"@type\":\"PropertyValueSpecification\",\"valueRequired\":true,\"valueName\":\"search_term_string\"}}],\"inLanguage\":\"de\"},{\"@type\":\"Organization\",\"@id\":\"https:\\\/\\\/sitzmoebel-tische.de\\\/#organization\",\"name\":\"salzufler sitzm\u00f6bel\",\"url\":\"https:\\\/\\\/sitzmoebel-tische.de\\\/\",\"logo\":{\"@type\":\"ImageObject\",\"inLanguage\":\"de\",\"@id\":\"https:\\\/\\\/sitzmoebel-tische.de\\\/#\\\/schema\\\/logo\\\/image\\\/\",\"url\":\"https:\\\/\\\/sitzmoebel-tische.de\\\/wp-content\\\/uploads\\\/2024\\\/03\\\/Logo-Stuhl2-2.png\",\"contentUrl\":\"https:\\\/\\\/sitzmoebel-tische.de\\\/wp-content\\\/uploads\\\/2024\\\/03\\\/Logo-Stuhl2-2.png\",\"width\":294,\"height\":399,\"caption\":\"salzufler sitzm\u00f6bel\"},\"image\":{\"@id\":\"https:\\\/\\\/sitzmoebel-tische.de\\\/#\\\/schema\\\/logo\\\/image\\\/\"}}]}<\/script>\n<!-- \/ Yoast SEO plugin. -->","yoast_head_json":{"title":"Details + Zubeh\u00f6r - salzufler sitzmoebel","robots":{"index":"index","follow":"follow","max-snippet":"max-snippet:-1","max-image-preview":"max-image-preview:large","max-video-preview":"max-video-preview:-1"},"canonical":"https:\/\/sitzmoebel-tische.de\/?page_id=1726","og_locale":"de_DE","og_type":"article","og_title":"Details + Zubeh\u00f6r - salzufler sitzmoebel","og_description":"Details und Zubeh\u00f6r Wir bieten Ihnen individuell Zubeh\u00f6r f\u00fcr Ihre Sitzm\u00f6bel und Tische an.In Mehrzweckr\u00e4umen der zu verschiedenen Anl\u00e4ssen umgestaltet [&hellip;]","og_url":"https:\/\/sitzmoebel-tische.de\/?page_id=1726","og_site_name":"salzufler sitzmoebel","article_modified_time":"2024-04-23T06:38:30+00:00","og_image":[{"url":"http:\/\/sitzmoebel-tische.de\/wp-content\/uploads\/2024\/04\/Transportwagen-fuer-Klapptische-1024x880.png","type":"","width":"","height":""}],"twitter_card":"summary_large_image","twitter_misc":{"Gesch\u00e4tzte Lesezeit":"3\u00a0Minuten"},"schema":{"@context":"https:\/\/schema.org","@graph":[{"@type":"WebPage","@id":"https:\/\/sitzmoebel-tische.de\/?page_id=1726","url":"https:\/\/sitzmoebel-tische.de\/?page_id=1726","name":"Details + Zubeh\u00f6r - salzufler sitzmoebel","isPartOf":{"@id":"https:\/\/sitzmoebel-tische.de\/#website"},"primaryImageOfPage":{"@id":"https:\/\/sitzmoebel-tische.de\/?page_id=1726#primaryimage"},"image":{"@id":"https:\/\/sitzmoebel-tische.de\/?page_id=1726#primaryimage"},"thumbnailUrl":"http:\/\/sitzmoebel-tische.de\/wp-content\/uploads\/2024\/04\/Transportwagen-fuer-Klapptische-1024x880.png","datePublished":"2024-04-02T13:51:00+00:00","dateModified":"2024-04-23T06:38:30+00:00","breadcrumb":{"@id":"https:\/\/sitzmoebel-tische.de\/?page_id=1726#breadcrumb"},"inLanguage":"de","potentialAction":[{"@type":"ReadAction","target":["https:\/\/sitzmoebel-tische.de\/?page_id=1726"]}]},{"@type":"ImageObject","inLanguage":"de","@id":"https:\/\/sitzmoebel-tische.de\/?page_id=1726#primaryimage","url":"https:\/\/sitzmoebel-tische.de\/wp-content\/uploads\/2024\/04\/Transportwagen-fuer-Klapptische.webp","contentUrl":"https:\/\/sitzmoebel-tische.de\/wp-content\/uploads\/2024\/04\/Transportwagen-fuer-Klapptische.webp","width":1816,"height":1560},{"@type":"BreadcrumbList","@id":"https:\/\/sitzmoebel-tische.de\/?page_id=1726#breadcrumb","itemListElement":[{"@type":"ListItem","position":1,"name":"Startseite","item":"https:\/\/sitzmoebel-tische.de\/"},{"@type":"ListItem","position":2,"name":"Details + Zubeh\u00f6r"}]},{"@type":"WebSite","@id":"https:\/\/sitzmoebel-tische.de\/#website","url":"https:\/\/sitzmoebel-tische.de\/","name":"sitzmoebel-tische.de","description":"salzufler-sitzmoebel.de","publisher":{"@id":"https:\/\/sitzmoebel-tische.de\/#organization"},"potentialAction":[{"@type":"SearchAction","target":{"@type":"EntryPoint","urlTemplate":"https:\/\/sitzmoebel-tische.de\/?s={search_term_string}"},"query-input":{"@type":"PropertyValueSpecification","valueRequired":true,"valueName":"search_term_string"}}],"inLanguage":"de"},{"@type":"Organization","@id":"https:\/\/sitzmoebel-tische.de\/#organization","name":"salzufler sitzm\u00f6bel","url":"https:\/\/sitzmoebel-tische.de\/","logo":{"@type":"ImageObject","inLanguage":"de","@id":"https:\/\/sitzmoebel-tische.de\/#\/schema\/logo\/image\/","url":"https:\/\/sitzmoebel-tische.de\/wp-content\/uploads\/2024\/03\/Logo-Stuhl2-2.png","contentUrl":"https:\/\/sitzmoebel-tische.de\/wp-content\/uploads\/2024\/03\/Logo-Stuhl2-2.png","width":294,"height":399,"caption":"salzufler sitzm\u00f6bel"},"image":{"@id":"https:\/\/sitzmoebel-tische.de\/#\/schema\/logo\/image\/"}}]}},"uagb_featured_image_src":{"full":false,"thumbnail":false,"medium":false,"medium_large":false,"large":false,"1536x1536":false,"2048x2048":false},"uagb_author_info":{"display_name":"salzufler sitzmoebel","author_link":"https:\/\/sitzmoebel-tische.de\/?author=4"},"uagb_comment_info":0,"uagb_excerpt":"Details und Zubeh\u00f6r Wir bieten Ihnen individuell Zubeh\u00f6r f\u00fcr Ihre Sitzm\u00f6bel und Tische an.In Mehrzweckr\u00e4umen der zu verschiedenen Anl\u00e4ssen umgestaltet [&hellip;]","_links":{"self":[{"href":"https:\/\/sitzmoebel-tische.de\/index.php?rest_route=\/wp\/v2\/pages\/1726","targetHints":{"allow":["GET"]}}],"collection":[{"href":"https:\/\/sitzmoebel-tische.de\/index.php?rest_route=\/wp\/v2\/pages"}],"about":[{"href":"https:\/\/sitzmoebel-tische.de\/index.php?rest_route=\/wp\/v2\/types\/page"}],"author":[{"embeddable":true,"href":"https:\/\/sitzmoebel-tische.de\/index.php?rest_route=\/wp\/v2\/users\/4"}],"replies":[{"embeddable":true,"href":"https:\/\/sitzmoebel-tische.de\/index.php?rest_route=%2Fwp%2Fv2%2Fcomments&post=1726"}],"version-history":[{"count":34,"href":"https:\/\/sitzmoebel-tische.de\/index.php?rest_route=\/wp\/v2\/pages\/1726\/revisions"}],"predecessor-version":[{"id":1938,"href":"https:\/\/sitzmoebel-tische.de\/index.php?rest_route=\/wp\/v2\/pages\/1726\/revisions\/1938"}],"wp:attachment":[{"href":"https:\/\/sitzmoebel-tische.de\/index.php?rest_route=%2Fwp%2Fv2%2Fmedia&parent=1726"}],"curies":[{"name":"wp","href":"https:\/\/api.w.org\/{rel}","templated":true}]}}